{"id":1183,"date":"2022-01-13T15:58:42","date_gmt":"2022-01-13T15:58:42","guid":{"rendered":"https:\/\/startertemplatecloud.com\/31\/cart\/"},"modified":"2022-01-13T15:58:42","modified_gmt":"2022-01-13T15:58:42","slug":"cart","status":"publish","type":"page","link":"https:\/\/intliness.cyberweb.pl\/?page_id=1183","title":{"rendered":"Cart"},"content":{"rendered":"<div class=\"woocommerce\"><div class=\"woocommerce-notices-wrapper\"><\/div><div class=\"kadence-woo-cart-form-wrap\">\n<form class=\"woocommerce-cart-form\" action=\"https:\/\/intliness.cyberweb.pl\/?page_id=1183\" method=\"post\">\n\t<div class=\"cart-summary\"><h2>Podsumowanie koszyka<\/h2><\/div>\n\t<table class=\"shop_table shop_table_responsive cart woocommerce-cart-form__contents\" cellspacing=\"0\">\n\t\t<thead>\n\t\t\t<tr>\n\t\t\t\t<th class=\"product-remove\"><span class=\"screen-reader-text\">Usu\u0144<\/span><\/th>\n\t\t\t\t<th class=\"product-thumbnail\"><span class=\"screen-reader-text\">Miniatura<\/span><\/th>\n\t\t\t\t<th class=\"product-name\">Produkt<\/th>\n\t\t\t\t<th class=\"product-price\">Cena<\/th>\n\t\t\t\t<th class=\"product-quantity\">Ilo\u015b\u0107<\/th>\n\t\t\t\t<th class=\"product-subtotal\">Kwota<\/th>\n\t\t\t<\/tr>\n\t\t<\/thead>\n\t\t<tbody>\n\t\t\t\n\t\t\t\t\t\t\t\t<tr class=\"woocommerce-cart-form__cart-item cart_item\">\n\n\t\t\t\t\t\t<td class=\"product-remove\">\n\t\t\t\t\t\t\t<a href=\"https:\/\/intliness.cyberweb.pl\/?page_id=1183&#038;remove_item=ba2fd310dcaa8781a9a652a31baf3c68&#038;_wpnonce=8e1c8da6d8\" class=\"remove\" aria-label=\"Usu\u0144 Bagger 25L Backpack z koszyka\" data-product_id=\"524\" data-product_sku=\"\">&times;<\/a>\t\t\t\t\t\t<\/td>\n\n\t\t\t\t\t\t<td class=\"product-thumbnail\">\n\t\t\t\t\t\t<a href=\"https:\/\/intliness.cyberweb.pl\/?product=bagger-25l-backpack\"><img fetchpriority=\"high\" decoding=\"async\" width=\"300\" height=\"300\" src=\"https:\/\/intliness.cyberweb.pl\/wp-content\/uploads\/2021\/12\/backpack-13-300x300.jpg\" class=\"attachment-woocommerce_thumbnail size-woocommerce_thumbnail\" alt=\"\" srcset=\"https:\/\/intliness.cyberweb.pl\/wp-content\/uploads\/2021\/12\/backpack-13-300x300.jpg 300w, https:\/\/intliness.cyberweb.pl\/wp-content\/uploads\/2021\/12\/backpack-13-100x100.jpg 100w, https:\/\/intliness.cyberweb.pl\/wp-content\/uploads\/2021\/12\/backpack-13-150x150.jpg 150w\" sizes=\"(max-width: 300px) 100vw, 300px\" \/><\/a>\t\t\t\t\t\t<\/td>\n\n\t\t\t\t\t\t<td class=\"product-name\" data-title=\"Produkt\">\n\t\t\t\t\t\t<a href=\"https:\/\/intliness.cyberweb.pl\/?product=bagger-25l-backpack\">Bagger 25L Backpack<\/a>\t\t\t\t\t\t<\/td>\n\n\t\t\t\t\t\t<td class=\"product-price\" data-title=\"Cena\">\n\t\t\t\t\t\t\t<span class=\"woocommerce-Price-amount amount\"><bdi><span class=\"woocommerce-Price-currencySymbol\">&#36;<\/span>149.00<\/bdi><\/span>\t\t\t\t\t\t<\/td>\n\n\t\t\t\t\t\t<td class=\"product-quantity\" data-title=\"Ilo\u015b\u0107\">\n\t\t\t\t\t\t<div class=\"quantity\">\n\t\t<label class=\"screen-reader-text\" for=\"quantity_6a00242d87d80\">ilo\u015b\u0107 Bagger 25L Backpack<\/label>\n\t<input\n\t\ttype=\"number\"\n\t\t\t\tid=\"quantity_6a00242d87d80\"\n\t\tclass=\"input-text qty text\"\n\t\tname=\"cart[ba2fd310dcaa8781a9a652a31baf3c68][qty]\"\n\t\tvalue=\"1\"\n\t\taria-label=\"Ilo\u015b\u0107 produktu\"\n\t\tsize=\"4\"\n\t\tmin=\"0\"\n\t\tmax=\"\"\n\t\t\t\t\tstep=\"1\"\n\t\t\tplaceholder=\"\"\n\t\t\tinputmode=\"numeric\"\n\t\t\tautocomplete=\"off\"\n\t\t\t\/>\n\t<\/div>\n\t\t\t\t\t\t<\/td>\n\n\t\t\t\t\t\t<td class=\"product-subtotal\" data-title=\"Kwota\">\n\t\t\t\t\t\t\t<span class=\"woocommerce-Price-amount amount\"><bdi><span class=\"woocommerce-Price-currencySymbol\">&#36;<\/span>149.00<\/bdi><\/span>\t\t\t\t\t\t<\/td>\n\t\t\t\t\t<\/tr>\n\t\t\t\t\t\t\t\t\t\t<tr class=\"woocommerce-cart-form__cart-item cart_item\">\n\n\t\t\t\t\t\t<td class=\"product-remove\">\n\t\t\t\t\t\t\t<a href=\"https:\/\/intliness.cyberweb.pl\/?page_id=1183&#038;remove_item=2bb232c0b13c774965ef8558f0fbd615&#038;_wpnonce=8e1c8da6d8\" class=\"remove\" aria-label=\"Usu\u0144 Altaplex Tarp w\/ Doors z koszyka\" data-product_id=\"523\" data-product_sku=\"\">&times;<\/a>\t\t\t\t\t\t<\/td>\n\n\t\t\t\t\t\t<td class=\"product-thumbnail\">\n\t\t\t\t\t\t<a href=\"https:\/\/intliness.cyberweb.pl\/?product=altaplex-tarp-w-doors\"><img decoding=\"async\" width=\"300\" height=\"300\" src=\"https:\/\/intliness.cyberweb.pl\/wp-content\/uploads\/2021\/12\/tent-3-300x300.jpg\" class=\"attachment-woocommerce_thumbnail size-woocommerce_thumbnail\" alt=\"\" srcset=\"https:\/\/intliness.cyberweb.pl\/wp-content\/uploads\/2021\/12\/tent-3-300x300.jpg 300w, https:\/\/intliness.cyberweb.pl\/wp-content\/uploads\/2021\/12\/tent-3-100x100.jpg 100w, https:\/\/intliness.cyberweb.pl\/wp-content\/uploads\/2021\/12\/tent-3-150x150.jpg 150w\" sizes=\"(max-width: 300px) 100vw, 300px\" \/><\/a>\t\t\t\t\t\t<\/td>\n\n\t\t\t\t\t\t<td class=\"product-name\" data-title=\"Produkt\">\n\t\t\t\t\t\t<a href=\"https:\/\/intliness.cyberweb.pl\/?product=altaplex-tarp-w-doors\">Altaplex Tarp w\/ Doors<\/a>\t\t\t\t\t\t<\/td>\n\n\t\t\t\t\t\t<td class=\"product-price\" data-title=\"Cena\">\n\t\t\t\t\t\t\t<span class=\"woocommerce-Price-amount amount\"><bdi><span class=\"woocommerce-Price-currencySymbol\">&#36;<\/span>499.00<\/bdi><\/span>\t\t\t\t\t\t<\/td>\n\n\t\t\t\t\t\t<td class=\"product-quantity\" data-title=\"Ilo\u015b\u0107\">\n\t\t\t\t\t\t<div class=\"quantity\">\n\t\t<label class=\"screen-reader-text\" for=\"quantity_6a00242d880f6\">ilo\u015b\u0107 Altaplex Tarp w\/ Doors<\/label>\n\t<input\n\t\ttype=\"number\"\n\t\t\t\tid=\"quantity_6a00242d880f6\"\n\t\tclass=\"input-text qty text\"\n\t\tname=\"cart[2bb232c0b13c774965ef8558f0fbd615][qty]\"\n\t\tvalue=\"1\"\n\t\taria-label=\"Ilo\u015b\u0107 produktu\"\n\t\tsize=\"4\"\n\t\tmin=\"0\"\n\t\tmax=\"\"\n\t\t\t\t\tstep=\"1\"\n\t\t\tplaceholder=\"\"\n\t\t\tinputmode=\"numeric\"\n\t\t\tautocomplete=\"off\"\n\t\t\t\/>\n\t<\/div>\n\t\t\t\t\t\t<\/td>\n\n\t\t\t\t\t\t<td class=\"product-subtotal\" data-title=\"Kwota\">\n\t\t\t\t\t\t\t<span class=\"woocommerce-Price-amount amount\"><bdi><span class=\"woocommerce-Price-currencySymbol\">&#36;<\/span>499.00<\/bdi><\/span>\t\t\t\t\t\t<\/td>\n\t\t\t\t\t<\/tr>\n\t\t\t\t\t\n\t\t\t\n\t\t\t<tr>\n\t\t\t\t<td colspan=\"6\" class=\"actions\">\n\n\t\t\t\t\t\t\t\t\t\t\t<div class=\"coupon\">\n\t\t\t\t\t\t\t<label for=\"coupon_code\" class=\"screen-reader-text\">Kupon:<\/label> <input type=\"text\" name=\"coupon_code\" class=\"input-text\" id=\"coupon_code\" value=\"\" placeholder=\"Kod kuponu\" \/> <button type=\"submit\" class=\"button\" name=\"apply_coupon\" value=\"Wykorzystaj kupon\">Wykorzystaj kupon<\/button>\n\t\t\t\t\t\t\t\t\t\t\t\t\t<\/div>\n\t\t\t\t\t\n\t\t\t\t\t<button type=\"submit\" class=\"button\" name=\"update_cart\" value=\"Zaktualizuj koszyk\">Zaktualizuj koszyk<\/button>\n\n\t\t\t\t\t\n\t\t\t\t\t<input type=\"hidden\" id=\"woocommerce-cart-nonce\" name=\"woocommerce-cart-nonce\" value=\"8e1c8da6d8\" \/><input type=\"hidden\" name=\"_wp_http_referer\" value=\"\/index.php?rest_route=%2Fwp%2Fv2%2Fpages%2F1183\" \/>\t\t\t\t<\/td>\n\t\t\t<\/tr>\n\n\t\t\t\t\t<\/tbody>\n\t<\/table>\n\t<\/form>\n\n\n<div class=\"cart-collaterals\">\n\t<div class=\"cart_totals \">\n\n\t\n\t<h2>Podsumowanie koszyka<\/h2>\n\n\t<table cellspacing=\"0\" class=\"shop_table shop_table_responsive\">\n\n\t\t<tr class=\"cart-subtotal\">\n\t\t\t<th>Kwota<\/th>\n\t\t\t<td data-title=\"Kwota\"><span class=\"woocommerce-Price-amount amount\"><bdi><span class=\"woocommerce-Price-currencySymbol\">&#36;<\/span>648.00<\/bdi><\/span><\/td>\n\t\t<\/tr>\n\n\t\t\n\t\t\n\t\t\n\t\t\n\t\t\n\t\t<tr class=\"order-total\">\n\t\t\t<th>\u0141\u0105cznie<\/th>\n\t\t\t<td data-title=\"\u0141\u0105cznie\"><strong><span class=\"woocommerce-Price-amount amount\"><bdi><span class=\"woocommerce-Price-currencySymbol\">&#36;<\/span>648.00<\/bdi><\/span><\/strong> <\/td>\n\t\t<\/tr>\n\n\t\t\n\t<\/table>\n\n\t<div class=\"wc-proceed-to-checkout\">\n\t\t\n<a href=\"https:\/\/intliness.cyberweb.pl\/?page_id=7\" class=\"checkout-button button alt wc-forward\">\n\tPrzejd\u017a do p\u0142atno\u015bci<\/a>\n\t<\/div>\n\n\t\n<\/div>\n<\/div>\n\n<\/div><\/div>\n","protected":false},"excerpt":{"rendered":"","protected":false},"author":1,"featured_media":0,"parent":0,"menu_order":0,"comment_status":"closed","ping_status":"closed","template":"","meta":{"_kadence_starter_templates_imported_post":true,"_kad_post_transparent":"","_kad_post_title":"","_kad_post_layout":"","_kad_post_sidebar_id":"","_kad_post_content_style":"","_kad_post_vertical_padding":"","_kad_post_feature":"","_kad_post_feature_position":"","_kad_post_header":false,"_kad_post_footer":false,"footnotes":""},"_links":{"self":[{"href":"https:\/\/intliness.cyberweb.pl\/index.php?rest_route=\/wp\/v2\/pages\/1183"}],"collection":[{"href":"https:\/\/intliness.cyberweb.pl\/index.php?rest_route=\/wp\/v2\/pages"}],"about":[{"href":"https:\/\/intliness.cyberweb.pl\/index.php?rest_route=\/wp\/v2\/types\/page"}],"author":[{"embeddable":true,"href":"https:\/\/intliness.cyberweb.pl\/index.php?rest_route=\/wp\/v2\/users\/1"}],"replies":[{"embeddable":true,"href":"https:\/\/intliness.cyberweb.pl\/index.php?rest_route=%2Fwp%2Fv2%2Fcomments&post=1183"}],"version-history":[{"count":0,"href":"https:\/\/intliness.cyberweb.pl\/index.php?rest_route=\/wp\/v2\/pages\/1183\/revisions"}],"wp:attachment":[{"href":"https:\/\/intliness.cyberweb.pl\/index.php?rest_route=%2Fwp%2Fv2%2Fmedia&parent=1183"}],"curies":[{"name":"wp","href":"https:\/\/api.w.org\/{rel}","templated":true}]}}